{"id":85,"date":"2008-10-15T14:32:34","date_gmt":"2008-10-15T12:32:34","guid":{"rendered":"http:\/\/www.wiltz.at\/beercaps\/?page_id=85"},"modified":"2008-11-14T09:22:30","modified_gmt":"2008-11-14T07:22:30","slug":"impressum","status":"publish","type":"page","link":"http:\/\/www.wiltz.at\/beercaps\/?page_id=85","title":{"rendered":"Impressum"},"content":{"rendered":"<p style=\"padding-left: 30px;\"><strong>Rainer Wiltz<br \/>\nEdisonstra\u00dfe 9<br \/>\n4614 Marchtrenk<br \/>\n\u00d6sterreich<\/strong><\/p>\n<p style=\"padding-left: 30px;\">\n<strong>E-Mail: <\/strong><a href=\"mailto:beercaps@wiltz.at\"><strong>beercaps@wiltz.at<\/strong><\/a><br \/>\n<strong>Internet: <\/strong><a href=\"http:\/\/www.wiltz.at\"><strong>www.wiltz.at<\/strong><\/a><\/p>\n<p>\u00a0<\/p>\n<p><strong>Haftungshinweis:<\/strong><\/p>\n<p>Trotz sorgf\u00e4ltiger inhaltlicher Kontrolle \u00fcbernehmen wir keine Haftung f\u00fcr die Inhalte externer Links. F\u00fcr den Inhalt der verlinkten Seiten sind ausschlie\u00dflich deren Betreiber verantwortlich.<\/p>\n","protected":false},"excerpt":{"rendered":"<p>Rainer Wiltz Edisonstra\u00dfe 9 4614 Marchtrenk \u00d6sterreich E-Mail: beercaps@wiltz.at Internet: www.wiltz.at \u00a0 Haftungshinweis: Trotz sorgf\u00e4ltiger inhaltlicher Kontrolle \u00fcbernehmen wir keine Haftung f\u00fcr die Inhalte externer Links. F\u00fcr den Inhalt der verlinkten Seiten sind ausschlie\u00dflich deren Betreiber verantwortlich.<\/p>\n","protected":false},"author":2,"featured_media":0,"parent":0,"menu_order":0,"comment_status":"open","ping_status":"open","template":"","meta":{"footnotes":""},"class_list":["post-85","page","type-page","status-publish","hentry"],"_links":{"self":[{"href":"http:\/\/www.wiltz.at\/beercaps\/index.php?rest_route=\/wp\/v2\/pages\/85","targetHints":{"allow":["GET"]}}],"collection":[{"href":"http:\/\/www.wiltz.at\/beercaps\/index.php?rest_route=\/wp\/v2\/pages"}],"about":[{"href":"http:\/\/www.wiltz.at\/beercaps\/index.php?rest_route=\/wp\/v2\/types\/page"}],"author":[{"embeddable":true,"href":"http:\/\/www.wiltz.at\/beercaps\/index.php?rest_route=\/wp\/v2\/users\/2"}],"replies":[{"embeddable":true,"href":"http:\/\/www.wiltz.at\/beercaps\/index.php?rest_route=%2Fwp%2Fv2%2Fcomments&post=85"}],"version-history":[{"count":5,"href":"http:\/\/www.wiltz.at\/beercaps\/index.php?rest_route=\/wp\/v2\/pages\/85\/revisions"}],"predecessor-version":[{"id":155,"href":"http:\/\/www.wiltz.at\/beercaps\/index.php?rest_route=\/wp\/v2\/pages\/85\/revisions\/155"}],"wp:attachment":[{"href":"http:\/\/www.wiltz.at\/beercaps\/index.php?rest_route=%2Fwp%2Fv2%2Fmedia&parent=85"}],"curies":[{"name":"wp","href":"https:\/\/api.w.org\/{rel}","templated":true}]}}